{"id":136,"date":"2021-09-30T17:23:53","date_gmt":"2021-09-30T15:23:53","guid":{"rendered":"https:\/\/sezamspoa.pl\/?page_id=136"},"modified":"2022-02-20T17:36:11","modified_gmt":"2022-02-20T16:36:11","slug":"media-o-nas","status":"publish","type":"page","link":"https:\/\/sezamspoa.pl\/?page_id=136","title":{"rendered":"Media o nas"},"content":{"rendered":"<p style=\"text-align: center;\">\n<table id=\"tablepress-3\" class=\"tablepress tablepress-id-3\">\n<tbody class=\"row-hover\">\n<tr class=\"row-1\">\n\t<td class=\"column-1\"><a href=\"https:\/\/pomorska.pl\/spelnione-marzenia-dzieci\/ar\/6955835\" rel=\"noopener\" target=\"_blank\"><img loading=\"lazy\" decoding=\"async\" src=\"https:\/\/sezamspoa.pl\/wp-content\/uploads\/2021\/09\/pomorska.png\" alt=\"\" width=\"200\" height=\"59\" class=\"aligncenter size-full wp-image-157\" \/><\/a><\/td><td class=\"column-2\"><ul>- otwarcie O\u015brodka w 2008 roku<\/ul><\/td>\n<\/tr>\n<tr class=\"row-2\">\n\t<td class=\"column-1\"><a href=\"https:\/\/nowosci.com.pl\/terapie-z-dziecmi-rozpoczna-za-miesiac\/ar\/11122600\" rel=\"noopener\" target=\"_blank\"><img loading=\"lazy\" decoding=\"async\" src=\"https:\/\/sezamspoa.pl\/wp-content\/uploads\/2021\/09\/nowosci.png\" alt=\"\" width=\"200\" height=\"84\" class=\"aligncenter size-full wp-image-166\" \/><\/a><\/td><td class=\"column-2\"><ul>- otwarcie O\u015brodka w 2008 roku<\/ul><\/td>\n<\/tr>\n<tr class=\"row-3\">\n\t<td class=\"column-1\"><a href=\"https:\/\/pomorska.pl\/tomasz-gollob-ma-dobre-serce-pomaga-autystycznym-dzieciom\/ar\/9850184\" rel=\"noopener\" target=\"_blank\"><img loading=\"lazy\" decoding=\"async\" src=\"https:\/\/sezamspoa.pl\/wp-content\/uploads\/2021\/09\/pomorska.png\" alt=\"\" width=\"200\" height=\"59\" class=\"aligncenter size-full wp-image-157\" \/><\/a><\/td><td class=\"column-2\"><ul>- 09.04.2016 Tomasz Gollob przekaza\u0142 cz\u0119\u015b\u0107 dochodu ze swojej ksi\u0105\u017cki \u201eTestament Diab\u0142a\u201d na diagnostyk\u0119 i leczenie dzieci z autyzmem. Dzi\u0119kujemy za jego wielkie serce.<\/ul><\/td>\n<\/tr>\n<tr class=\"row-4\">\n\t<td class=\"column-1\"><a href=\"https:\/\/pomorska.pl\/bieg-charytatywny-z-kablowka-w-grudziadzu-zdjecia\/ga\/9994560\/zd\/18474312\" rel=\"noopener\" target=\"_blank\"><img loading=\"lazy\" decoding=\"async\" src=\"https:\/\/sezamspoa.pl\/wp-content\/uploads\/2021\/09\/pomorska.png\" alt=\"\" width=\"200\" height=\"59\" class=\"aligncenter size-full wp-image-157\" \/><\/a><\/td><td class=\"column-2\"><ul>- 14.05.2016 Bieg charytatywny z okazji 25-lecia Telewizji Kablowej Sp\u00f3\u0142dzielni Mieszkaniowej w Grudzi\u0105dzu<\/ul><\/td>\n<\/tr>\n<tr class=\"row-5\">\n\t<td class=\"column-1\"><a href=\"https:\/\/grudziadz.naszemiasto.pl\/pierniki-dla-tomasza-golloba-od-autystycznych-dzieci\/ar\/c8-3959330\" rel=\"noopener\" target=\"_blank\"><img loading=\"lazy\" decoding=\"async\" src=\"https:\/\/sezamspoa.pl\/wp-content\/uploads\/2021\/09\/gnm.png\" alt=\"\" width=\"249\" height=\"80\" class=\"aligncenter size-full wp-image-178\" \/><\/a><\/td><td class=\"column-2\"><ul>- 21.12.2016 Wizyta Tomasza Golloba lidera GKM-u Grudzi\u0105dz w naszym O\u015brodku<\/ul><\/td>\n<\/tr>\n<tr class=\"row-6\">\n\t<td class=\"column-1\"><a href=\"https:\/\/grudziadz.twoje-miasto.pl\/art-miasto\/obchody-swiatowego-dnia-autyzmu-i72093\" rel=\"noopener\" target=\"_blank\"><img loading=\"lazy\" decoding=\"async\" src=\"https:\/\/sezamspoa.pl\/wp-content\/uploads\/2021\/09\/gtm.png\" alt=\"\" width=\"250\" height=\"83\" class=\"aligncenter size-full wp-image-180\" \/><\/a><\/td><td class=\"column-2\"><ul>- 03.04.2017  Happening z okazji \u015awiatowego Dnia Autyzmu<\/ul><\/td>\n<\/tr>\n<tr class=\"row-7\">\n\t<td class=\"column-1\"><a href=\"https:\/\/pomorska.pl\/niebieski-bieg-i-piknik-rodzinny-na-marinie-w-grudziadzu-zdjecia\/ar\/12143131\" rel=\"noopener\" target=\"_blank\"><img loading=\"lazy\" decoding=\"async\" src=\"https:\/\/sezamspoa.pl\/wp-content\/uploads\/2021\/09\/pomorska.png\" alt=\"\" width=\"200\" height=\"59\" class=\"aligncenter size-full wp-image-157\" \/><\/a><\/td><td class=\"column-2\"><ul>- 1 Niebieski Bieg 2017<\/ul><\/td>\n<\/tr>\n<tr class=\"row-8\">\n\t<td class=\"column-1\"><a href=\"https:\/\/grudziadz.pl\/artykul\/128\/12912\/niebiesko-dla-autyzmu\" rel=\"noopener\" target=\"_blank\"><img loading=\"lazy\" decoding=\"async\" src=\"https:\/\/sezamspoa.pl\/wp-content\/uploads\/2021\/09\/grudziadz-pl.png\" alt=\"\" width=\"250\" height=\"79\" class=\"aligncenter size-full wp-image-186\" \/><\/a><\/td><td class=\"column-2\"><ul>- 04.2018  \u015awiatowy Dnia Autyzmu<\/ul><\/td>\n<\/tr>\n<tr class=\"row-9\">\n\t<td class=\"column-1\"><a href=\"https:\/\/pomorska.pl\/ii-niebieski-bieg-z-mariny-w-grudziadzu-zobacz-zdjecia\/ar\/13211263\" rel=\"noopener\" target=\"_blank\"><img loading=\"lazy\" decoding=\"async\" src=\"https:\/\/sezamspoa.pl\/wp-content\/uploads\/2021\/09\/pomorska.png\" alt=\"\" width=\"200\" height=\"59\" class=\"aligncenter size-full wp-image-157\" \/><\/a><\/td><td class=\"column-2\"><ul>- 2 Niebieski bieg 2018<\/ul><\/td>\n<\/tr>\n<tr class=\"row-10\">\n\t<td class=\"column-1\"><a href=\"https:\/\/bydgoszcz.tvp.pl\/41992682\/trafic-do-ich-swiata-nie-jest-latwo-ale-warto-jak-pomoc-dzieciom-z-autyzmem\" rel=\"noopener\" target=\"_blank\"><img loading=\"lazy\" decoding=\"async\" src=\"https:\/\/sezamspoa.pl\/wp-content\/uploads\/2021\/09\/tvp3bydgoszcz.png\" alt=\"\" width=\"250\" height=\"151\" class=\"aligncenter size-full wp-image-188\" \/><\/a><\/td><td class=\"column-2\"><ul>- \u015awiatowy Dzie\u0144  Autyzmu 2019<\/ul><\/td>\n<\/tr>\n<tr class=\"row-11\">\n\t<td class=\"column-1\"><a href=\"https:\/\/grudziadz365.pl\/pl\/15_fotorelacje\/379_inne\/932_grudziadz_dla_autyzmu_2019_fotorelacja.html\" rel=\"noopener\" target=\"_blank\"><img loading=\"lazy\" decoding=\"async\" src=\"https:\/\/sezamspoa.pl\/wp-content\/uploads\/2021\/09\/grudziadz365.png\" alt=\"\" width=\"250\" height=\"122\" class=\"aligncenter size-full wp-image-192\" \/><\/a><\/td><td class=\"column-2\"><ul>- \u015awiatowy Dzie\u0144  Autyzmu 2019<\/ul><\/td>\n<\/tr>\n<tr class=\"row-12\">\n\t<td class=\"column-1\"><a href=\"https:\/\/grudziadz.naszemiasto.pl\/niebieski-bieg-w-grudziadzu-tlumy-na-trasie-duzo-zdjec\/ar\/c2-5149785\" rel=\"noopener\" target=\"_blank\"><img loading=\"lazy\" decoding=\"async\" src=\"https:\/\/sezamspoa.pl\/wp-content\/uploads\/2021\/09\/gnm.png\" alt=\"\" width=\"249\" height=\"80\" class=\"aligncenter size-full wp-image-178\" \/><\/a><\/td><td class=\"column-2\"><ul>- 3 Niebieski bieg 2019<\/ul><\/td>\n<\/tr>\n<\/tbody>\n<\/table>\n<!-- #tablepress-3 from cache --><\/p>\n","protected":false},"excerpt":{"rendered":"","protected":false},"author":1,"featured_media":0,"parent":6,"menu_order":0,"comment_status":"closed","ping_status":"closed","template":"","meta":{"ngg_post_thumbnail":0,"footnotes":""},"class_list":["post-136","page","type-page","status-publish","hentry"],"_links":{"self":[{"href":"https:\/\/sezamspoa.pl\/index.php?rest_route=\/wp\/v2\/pages\/136","targetHints":{"allow":["GET"]}}],"collection":[{"href":"https:\/\/sezamspoa.pl\/index.php?rest_route=\/wp\/v2\/pages"}],"about":[{"href":"https:\/\/sezamspoa.pl\/index.php?rest_route=\/wp\/v2\/types\/page"}],"author":[{"embeddable":true,"href":"https:\/\/sezamspoa.pl\/index.php?rest_route=\/wp\/v2\/users\/1"}],"replies":[{"embeddable":true,"href":"https:\/\/sezamspoa.pl\/index.php?rest_route=%2Fwp%2Fv2%2Fcomments&post=136"}],"version-history":[{"count":20,"href":"https:\/\/sezamspoa.pl\/index.php?rest_route=\/wp\/v2\/pages\/136\/revisions"}],"predecessor-version":[{"id":423,"href":"https:\/\/sezamspoa.pl\/index.php?rest_route=\/wp\/v2\/pages\/136\/revisions\/423"}],"up":[{"embeddable":true,"href":"https:\/\/sezamspoa.pl\/index.php?rest_route=\/wp\/v2\/pages\/6"}],"wp:attachment":[{"href":"https:\/\/sezamspoa.pl\/index.php?rest_route=%2Fwp%2Fv2%2Fmedia&parent=136"}],"curies":[{"name":"wp","href":"https:\/\/api.w.org\/{rel}","templated":true}]}}