{"id":243,"date":"2021-10-28T20:11:31","date_gmt":"2021-10-28T18:11:31","guid":{"rendered":"https:\/\/sezamspoa.pl\/?page_id=243"},"modified":"2023-03-14T18:45:41","modified_gmt":"2023-03-14T17:45:41","slug":"informacja-o-1","status":"publish","type":"page","link":"https:\/\/sezamspoa.pl\/?page_id=243","title":{"rendered":"Informacje o 1,5%"},"content":{"rendered":"<div style=\"position:relative;width:750px;margin:0 auto;\"><a href=\"https:\/\/www.pitax.pl\/rozliczenie-pit-online-0000164834\" title=\"Przeka\u017c 1% naszej organizacji\" target=\"_blank\" rel=\"noopener\"><img decoding=\"async\" src=\"https:\/\/www.iwop.pl\/assets\/banners\/pitax-przekaz-1-procent-d-750x100.svg\" style=\"width:100%\" alt=\"Przeka\u017c 1% naszej organizacji\" \/><\/a><\/p>\n<p style=\"text-align: center;font-size: 12px;padding-top: 5px;\"><a href=\"https:\/\/www.pitax.pl\/pit-37\/\">Rozliczenie PIT 2022 z PITax.pl<\/a> oraz IWOP jest mo\u017cliwe w ramach projektu \u201cPITax.pl dla OPP\u201d.<\/p>\n<\/div>\n<p><strong>Przekazuj\u0105c 1,5% z w\u0142asnego PIT-u, nie tracisz ani z\u0142ot\u00f3wki, a podejmujesz decyzj\u0119, \u017ce pieni\u0105dze z Twoich podatk\u00f3w, zamiast trafia\u0107 do Skarbu Pa\u0144stwa, b\u0119d\u0105 zasila\u0107 dzia\u0142alno\u015b\u0107 naszego Stowarzyszenia.<\/strong><\/p>\n<h3><strong>Jak to zrobi\u0107?<\/strong><\/h3>\n<p><strong>Deklaracja podatkowa zawiera dwa pola, kt\u00f3re s\u0105 niezb\u0119dne by przekaza\u0107 1,5% rocznego podatku. W pola te wpisa\u0107 nale\u017cy:<\/strong><\/p>\n<ul>\n<li>numer <strong>KRS 0000164834<\/strong><\/li>\n<li>przekazywan\u0105 kwot\u0119 zaokr\u0105glon\u0105 do pe\u0142nych dziesi\u0105tek groszy w d\u00f3\u0142.<\/li>\n<\/ul>\n<p>Je\u015bli jeste\u015b emerytem lub rencist\u0105 i nie sk\u0142adasz zeznania podatkowego, mo\u017cesz przekaza\u0107 1,5 %, przesy\u0142aj\u0105c do Urz\u0119du Skarbowego PIT-OP. Wpisz numer <strong>KRS 0000164834<\/strong> w polu C.9. formularza PIT-OP.<\/p>\n<h3><strong>Jak wydamy zebrane \u015brodki?<\/strong><\/h3>\n<p>Sfinansujemy:<\/p>\n<ul>\n<li>udzia\u0142 w\u0142asny w realizowanym projekcie: O\u015brodek terapii dla dzieci i m\u0142odzie\u017cy z autyzmem \u201eSezamie otw\u00f3rz si\u0119\u201d,<\/li>\n<li>koszty diagnozowania autyzmu,<\/li>\n<li>wycieczk\u0119 dla naszych podopiecznych,<\/li>\n<li>wydatki zwi\u0105zane z bie\u017c\u0105c\u0105 dzia\u0142alno\u015bci\u0105, szczeg\u00f3lnie nieplanowane, wynikaj\u0105ce z \u201epomys\u0142owo\u015bci\u201d naszych podopiecznych.<\/li>\n<\/ul>\n","protected":false},"excerpt":{"rendered":"<p>Rozliczenie PIT 2022 z PITax.pl oraz IWOP jest mo\u017cliwe w ramach projektu \u201cPITax.pl dla OPP\u201d. Przekazuj\u0105c 1,5% z w\u0142asnego PIT-u, nie tracisz ani z\u0142ot\u00f3wki, a podejmujesz decyzj\u0119, \u017ce pieni\u0105dze z &#8230;<\/p>\n","protected":false},"author":1,"featured_media":0,"parent":2,"menu_order":0,"comment_status":"closed","ping_status":"closed","template":"","meta":{"ngg_post_thumbnail":0,"footnotes":""},"class_list":["post-243","page","type-page","status-publish","hentry"],"_links":{"self":[{"href":"https:\/\/sezamspoa.pl\/index.php?rest_route=\/wp\/v2\/pages\/243","targetHints":{"allow":["GET"]}}],"collection":[{"href":"https:\/\/sezamspoa.pl\/index.php?rest_route=\/wp\/v2\/pages"}],"about":[{"href":"https:\/\/sezamspoa.pl\/index.php?rest_route=\/wp\/v2\/types\/page"}],"author":[{"embeddable":true,"href":"https:\/\/sezamspoa.pl\/index.php?rest_route=\/wp\/v2\/users\/1"}],"replies":[{"embeddable":true,"href":"https:\/\/sezamspoa.pl\/index.php?rest_route=%2Fwp%2Fv2%2Fcomments&post=243"}],"version-history":[{"count":18,"href":"https:\/\/sezamspoa.pl\/index.php?rest_route=\/wp\/v2\/pages\/243\/revisions"}],"predecessor-version":[{"id":505,"href":"https:\/\/sezamspoa.pl\/index.php?rest_route=\/wp\/v2\/pages\/243\/revisions\/505"}],"up":[{"embeddable":true,"href":"https:\/\/sezamspoa.pl\/index.php?rest_route=\/wp\/v2\/pages\/2"}],"wp:attachment":[{"href":"https:\/\/sezamspoa.pl\/index.php?rest_route=%2Fwp%2Fv2%2Fmedia&parent=243"}],"curies":[{"name":"wp","href":"https:\/\/api.w.org\/{rel}","templated":true}]}}