{"id":257,"date":"2021-10-28T21:13:06","date_gmt":"2021-10-28T19:13:06","guid":{"rendered":"https:\/\/sezamspoa.pl\/?page_id=257"},"modified":"2022-03-01T20:48:13","modified_gmt":"2022-03-01T19:48:13","slug":"inne-formy-wsparcia","status":"publish","type":"page","link":"https:\/\/sezamspoa.pl\/?page_id=257","title":{"rendered":"Inne formy wsparcia"},"content":{"rendered":"<p style=\"text-align: center;\"><img loading=\"lazy\" decoding=\"async\" class=\"aligncenter wp-image-305 size-large\" src=\"https:\/\/sezamspoa.pl\/wp-content\/uploads\/2021\/11\/inne-formy-wsparcia-1024x683.jpg\" alt=\"\" width=\"1024\" height=\"683\" srcset=\"https:\/\/sezamspoa.pl\/wp-content\/uploads\/2021\/11\/inne-formy-wsparcia-1024x683.jpg 1024w, https:\/\/sezamspoa.pl\/wp-content\/uploads\/2021\/11\/inne-formy-wsparcia-300x200.jpg 300w, https:\/\/sezamspoa.pl\/wp-content\/uploads\/2021\/11\/inne-formy-wsparcia-768x512.jpg 768w, https:\/\/sezamspoa.pl\/wp-content\/uploads\/2021\/11\/inne-formy-wsparcia.jpg 1200w\" sizes=\"auto, (max-width: 1024px) 100vw, 1024px\" \/><\/p>\n<h3>Wspom\u00f3\u017c nas finansowo<\/h3>\n<p>Mo\u017cesz wspom\u00f3c nasze Stowarzyszenie poprzez dokonanie wp\u0142aty bezpo\u015brednio na rachunek bankowy. Osoby fizyczne i osoby prawne przekazuj\u0105ce darowizn\u0119 organizacji po\u017cytku publicznego mog\u0105 dokona\u0107 odpisu podatkowego. Osoby fizyczne mog\u0105 odliczy\u0107 od kwoty do opodatkowania 6% dochodu (PIT), osoby prawne od kwoty do opodatkowania mog\u0105 odliczy\u0107 10% dochodu (CIT). Podstaw\u0105 do dokonania rozliczenia jest potwierdzenie wp\u0142aty darowizny na konto organizacji: 55 1240 3998 1111 0010 0818 8826. Wszystkie zebrane \u015brodki przeznaczane s\u0105 na prowadzenie terapii dla dzieci i m\u0142odzie\u017cy z autyzmem oraz diagnozowanie autyzmu.<\/p>\n<h3>Zamie\u0144 kwiaty na \u2026<br \/>\n\u015alub, uroczysto\u015b\u0107 rodzinna, spotkanie jubileuszowe \u2013 jest wiele okazji, aby pom\u00f3c w realizacji naszych projekt\u00f3w.<\/h3>\n<p>Kwiaty szybko wi\u0119dn\u0105, a satysfakcja p\u0142yn\u0105ca ze zrobienia czego\u015b dobrego zostanie z Wami na d\u0142ugo. Mog\u0105 Pa\u0144stwo zaproponowa\u0107 swoim go\u015bciom, aby pieni\u0105dze, kt\u00f3re chcieli przeznaczy\u0107 na zakup bukietu, wrzucili do puszki lub przelali na konto Naszego Stowarzyszenia. Mo\u017cecie te\u017c pa\u0144stwo poprosi\u0107 go\u015bci o zakup okre\u015blonych artyku\u0142\u00f3w (np. plastyczne, gry planszowe, \u015brodki czysto\u015bci itp.) Wystarczy zadzwoni\u0107 do pracownika Stowarzyszenia tel. 668 408 901 i om\u00f3wi\u0107 szczeg\u00f3\u0142y.<\/p>\n<p>Numer konta: 70 1240 3998 1111 0000 4152 8460<\/p>\n","protected":false},"excerpt":{"rendered":"<p>Wspom\u00f3\u017c nas finansowo Mo\u017cesz wspom\u00f3c nasze Stowarzyszenie poprzez dokonanie wp\u0142aty bezpo\u015brednio na rachunek bankowy. Osoby fizyczne i osoby prawne przekazuj\u0105ce darowizn\u0119 organizacji po\u017cytku publicznego mog\u0105 dokona\u0107 odpisu podatkowego. Osoby fizyczne &#8230;<\/p>\n","protected":false},"author":1,"featured_media":0,"parent":2,"menu_order":0,"comment_status":"closed","ping_status":"closed","template":"","meta":{"ngg_post_thumbnail":0,"footnotes":""},"class_list":["post-257","page","type-page","status-publish","hentry"],"_links":{"self":[{"href":"https:\/\/sezamspoa.pl\/index.php?rest_route=\/wp\/v2\/pages\/257","targetHints":{"allow":["GET"]}}],"collection":[{"href":"https:\/\/sezamspoa.pl\/index.php?rest_route=\/wp\/v2\/pages"}],"about":[{"href":"https:\/\/sezamspoa.pl\/index.php?rest_route=\/wp\/v2\/types\/page"}],"author":[{"embeddable":true,"href":"https:\/\/sezamspoa.pl\/index.php?rest_route=\/wp\/v2\/users\/1"}],"replies":[{"embeddable":true,"href":"https:\/\/sezamspoa.pl\/index.php?rest_route=%2Fwp%2Fv2%2Fcomments&post=257"}],"version-history":[{"count":10,"href":"https:\/\/sezamspoa.pl\/index.php?rest_route=\/wp\/v2\/pages\/257\/revisions"}],"predecessor-version":[{"id":451,"href":"https:\/\/sezamspoa.pl\/index.php?rest_route=\/wp\/v2\/pages\/257\/revisions\/451"}],"up":[{"embeddable":true,"href":"https:\/\/sezamspoa.pl\/index.php?rest_route=\/wp\/v2\/pages\/2"}],"wp:attachment":[{"href":"https:\/\/sezamspoa.pl\/index.php?rest_route=%2Fwp%2Fv2%2Fmedia&parent=257"}],"curies":[{"name":"wp","href":"https:\/\/api.w.org\/{rel}","templated":true}]}}