{"id":3,"date":"2021-09-01T13:35:46","date_gmt":"2021-09-01T11:35:46","guid":{"rendered":"http:\/\/sezamspoa.pl\/?page_id=3"},"modified":"2022-02-20T14:06:51","modified_gmt":"2022-02-20T13:06:51","slug":"polityka-prywatnosci","status":"publish","type":"page","link":"https:\/\/sezamspoa.pl\/?page_id=3","title":{"rendered":"Polityka prywatno\u015bci"},"content":{"rendered":"<p>Niniejsza polityka prywatno\u015bci (dalej: \u201ePolityka Prywatno\u015bci\u201d) okre\u015bla zasady gromadzenia, przetwarzania i wykorzystywania danych osobowych pozyskanych od Pa\u0144stwa w zwi\u0105zku z korzystaniem ze Strony Internetowej, Formularza Kontaktowego i dokonywania Darowizn. Polityka Prywatno\u015bci zawiera r\u00f3wnie\u017c informacje dotycz\u0105ce praw, kt\u00f3re przys\u0142uguj\u0105 Pa\u0144stwu w zwi\u0105zku z przetwarzaniem danych.<\/p>\n<h1>1.\u00a0\u00a0\u00a0 Definicje<\/h1>\n<p>Ilekro\u0107 w dalszej cz\u0119\u015bci Polityki Prywatno\u015bci u\u017cyto poni\u017cszych zwrot\u00f3w pisanych wielk\u0105 liter\u0105, nale\u017cy je rozumie\u0107 w podanym ni\u017cej znaczeniu:<\/p>\n<ul>\n<li>Administrator \/ Stowarzyszenie \u2013 Stowarzyszenie Pomocy Osobom Autystycznym \u201eSEZAM\u201d (dalej: \u201eStowarzyszenie\u201d) z siedzib\u0105 w Grudzi\u0105dzu, ul. Sikorskiego 32, wpisane do rejestru stowarzysze\u0144, innych organizacji spo\u0142ecznych i zawodowych, fundacji oraz ZOZ prowadzonego przez S\u0105d Rejonowy Toru\u0144 VII pod numerem KRS: 0000164834, posiadaj\u0105ce NIP 8762228728; dane kontaktowe: e-mail: autyzmgrudziadz@onet.pl.<\/li>\n<li>U\u017cytkownik \u2013 ka\u017cda osoba korzystaj\u0105ca ze Strony Internetowej, Formularza Kontaktowego i wp\u0142acaj\u0105ca jednorazowo\/cyklicznie Darowizn\u0119;<\/li>\n<li>Formularz Kontaktowy \u2013 us\u0142uga \u015bwiadczona drog\u0105 elektroniczn\u0105, dost\u0119pna na Stronie Internetowej (w zak\u0142adce \u201eKontakt\u201d), kt\u00f3rej przedmiotem jest umo\u017cliwienie U\u017cytkownikowi wys\u0142ania wiadomo\u015bci do Administratora;<\/li>\n<li>Darczy\u0144ca \u2013 ka\u017cda osoba, kt\u00f3ra przekaza\u0142a darowizn\u0119 finansow\u0105 (w dowolnej, wybranej przez siebie wysoko\u015bci; jednorazowo lub cyklicznie) na cele statutowe Stowarzyszenia;<\/li>\n<li>RODO \u2013 Rozporz\u0105dzenie Parlamentu Europejskiego i Rady (UE) 2016\/679 z dnia 27 kwietnia 2016 r. w sprawie ochrony os\u00f3b fizycznych w zwi\u0105zku z przetwarzaniem danych osobowych i w sprawie swobodnego przep\u0142ywu takich danych oraz uchylenia dyrektywy 95\/46\/WE<\/li>\n<\/ul>\n<h1>2. Cel i podstawa prawna przetwarzania danych osobowych. Kategorie danych.<\/h1>\n<ol>\n<li>U\u017cytkownik<\/li>\n<\/ol>\n<p>Dane osobowe U\u017cytkownika s\u0105 przetwarzane przez Administratora w celu \u015bwiadczenia us\u0142ugi:<\/p>\n<p>1)\u00a0\u00a0\u00a0\u00a0\u00a0\u00a0\u00a0\u00a0\u00a0\u00a0\u00a0 Formularza Kontaktowego (udzielenia odpowiedzi na zadane pytanie), zgodnie z art. 6 ust. 1 lit. f) RODO, tj. w celu realizacji prawnie uzasadnionych interes\u00f3w Administratora \u2013 w zakresie: imienia, nazwiska, adresu mailowego;<\/p>\n<ol>\n<li>Darczy\u0144ca<\/li>\n<\/ol>\n<p>Dane osobowe Darczy\u0144cy s\u0105 przetwarzane przez Administratora w celu:<\/p>\n<p>1)\u00a0\u00a0\u00a0\u00a0\u00a0\u00a0\u00a0\u00a0\u00a0\u00a0\u00a0 zaksi\u0119gowania i rozliczenia wp\u0142aconej darowizny, zgodnie z art. 6 ust. 1 lit. c) RODO, tj. w celu wype\u0142niania obowi\u0105zku prawnego, ci\u0105\u017c\u0105cego na Administratorze, zgodnie z powszechnie obowi\u0105zuj\u0105cymi przepisami podatkowymi, w tym w szczeg\u00f3lno\u015bci art. 74 ust. 2 pkt 8 ustawy z dnia 29 wrze\u015bnia 1994 r. o rachunkowo\u015bci \u2013 w zakresie: imienia, nazwiska, numeru rachunku bankowego, ewentualnie adresu pocztowego (w zale\u017cno\u015bci od decyzji Darczy\u0144cy);<\/p>\n<p>2)\u00a0\u00a0\u00a0\u00a0\u00a0\u00a0\u00a0\u00a0\u00a0\u00a0\u00a0 dokonywania wewn\u0119trznych zestawie\u0144, opracowywanych na potrzeby Stowarzyszenia, zgodnie z art. 6 ust. 1 lit. f) RODO tj. w celu realizacji prawnie uzasadnionych interes\u00f3w Administratora \u2013 w zakresie: imienia, nazwiska, ewentualnie adresu mailowego (w zale\u017cno\u015bci od decyzji Darczy\u0144cy);<\/p>\n<p>3)\u00a0\u00a0\u00a0\u00a0\u00a0\u00a0\u00a0\u00a0\u00a0\u00a0\u00a0 wys\u0142ania podzi\u0119kowania za przekazan\u0105 darowizn\u0119 (w przypadku Darczy\u0144c\u00f3w, kt\u00f3rzy podali adres e-mailowy), zgodnie z art. 6 ust. 1 lit. f) RODO tj. w celu realizacji prawnie uzasadnionych interes\u00f3w Administratora \u2013 w zakresie: adresu mailowego.<\/p>\n<h1>3. Okres przetwarzania danych osobowych<\/h1>\n<ol>\n<li>U\u017cytkownik<\/li>\n<\/ol>\n<p>Dane osobowe U\u017cytkownika przetwarzane b\u0119d\u0105 przez okres niezb\u0119dny do realizacji wskazanych cel\u00f3w przetwarzania, w tym do prowadzenia korespondencji w zwi\u0105zku z zadanym przez U\u017cytkownika pytaniem (Formularz Kontaktowy).<\/p>\n<ol>\n<li>Darczy\u0144ca<\/li>\n<\/ol>\n<p>Dane osobowe Darczy\u0144cy przetwarzane b\u0119d\u0105 przez okres niezb\u0119dny do realizacji wskazanych cel\u00f3w przetwarzania oraz zgodnie z przepisami prawa z zakresu rachunkowo\u015bci (art. 74 ust. 2 pkt 8 ustawy o rachunkowo\u015bci), tj. przez okres 5 lat, jako: pozosta\u0142e dowody ksi\u0119gowe i sprawozdania, kt\u00f3rych obowi\u0105zek sporz\u0105dzenia wynika z ustawy.<\/p>\n<h1>4. Odbiorcy danych<\/h1>\n<p>W procesie realizacji celu przetwarzania, dane osobowe U\u017cytkownik\u00f3w oraz Darczy\u0144c\u00f3w mog\u0105 by\u0107 powierzane lub udost\u0119pnianie innym odbiorcom lub kategoriom odbiorc\u00f3w danych osobowych, w szczeg\u00f3lno\u015bci:<\/p>\n<p>1) podmiotom zajmuj\u0105cym si\u0119 techniczn\u0105 obs\u0142ug\u0105 Strony Internetowej;<\/p>\n<p>2) podmiotom \u015bwiadcz\u0105cym us\u0142ugi z zakresu ksi\u0119gowo\u015bci, obs\u0142ugi prawnej oraz marketingu na rzecz Stowarzyszenia.<\/p>\n<p>Odbiorcami powy\u017cszych danych mog\u0105 by\u0107 podmioty dokonuj\u0105ce czynno\u015bci przetwarzania w imieniu Administratora na podstawie umowy powierzenia przetwarzania danych osobowych (zgodnie z art. 28 RODO) lub podmioty, kt\u00f3rym Administrator udost\u0119pni\u0142 dane.<\/p>\n<h1>5. Prawa os\u00f3b, kt\u00f3rych dane dotycz\u0105<\/h1>\n<p>Administrator ogranicza zbieranie i wykorzystywanie informacji o U\u017cytkownikach i Darczy\u0144cach do niezb\u0119dnego minimum, wymaganego do \u015bwiadczenia na ich rzecz us\u0142ug na po\u017c\u0105danym poziomie.<\/p>\n<p>Administrator stosuje \u015brodki techniczne i organizacyjne zapewniaj\u0105ce poszanowanie prywatno\u015bci i ochron\u0119 danych osobowych U\u017cytkownik\u00f3w i Darczy\u0144c\u00f3w.<\/p>\n<p>U\u017cytkownik i Darczy\u0144ca maj\u0105 prawo dost\u0119pu do swoich danych osobowych (w tym otrzymania potwierdzenia, czy ich dane s\u0105 przetwarzane \u2013 a je\u015bli s\u0105: tak\u017ce uzyskania ich kopii) oraz do sprostowania i usuni\u0119cia danych. Dane osobowe mog\u0105 by\u0107 poprawiane lub usuni\u0119te poprzez wys\u0142anie odpowiedniego \u017c\u0105dania do Administratora, na adresy wskazane w Polityce Prywatno\u015bci.<\/p>\n<p>U\u017cytkownik i Darczy\u0144ca maj\u0105 r\u00f3wnie\u017c prawo do ograniczenia przetwarzania danych (prawo do sprzeciwu), a tak\u017ce prawo do przeniesienia swoich danych (o ile ich przetwarzanie odbywa si\u0119 na podstawie uprzednio wyra\u017conej zgody).<\/p>\n<p>U\u017cytkownik i Darczy\u0144ca mog\u0105 \u017c\u0105da\u0107 zaprzestania przetwarzania swoich danych (za wyj\u0105tkiem ich przechowywania), w sytuacjach, gdy:<\/p>\n<p>1)\u00a0\u00a0\u00a0\u00a0\u00a0\u00a0\u00a0\u00a0\u00a0\u00a0\u00a0 kwestionuj\u0105 prawid\u0142owo\u015b\u0107 danych;<\/p>\n<p>2)\u00a0\u00a0\u00a0\u00a0\u00a0\u00a0\u00a0\u00a0\u00a0\u00a0\u00a0 kwestionuj\u0105 zgodno\u015b\u0107 z prawem przetwarzania danych;<\/p>\n<p>3)\u00a0\u00a0\u00a0\u00a0\u00a0\u00a0\u00a0\u00a0\u00a0\u00a0\u00a0 dane nie s\u0105 ju\u017c d\u0142u\u017cej potrzebne Administratorowi, jednak s\u0105 potrzebne U\u017cytkownikowi lub Darczy\u0144cy;<\/p>\n<p>4)\u00a0\u00a0\u00a0\u00a0\u00a0\u00a0\u00a0\u00a0\u00a0\u00a0\u00a0 wnie\u015bli sprzeciw wobec przetwarzania danych.<\/p>\n<p>Aby skorzysta\u0107 z praw wskazanych w pkt 5-6 Polityki Prywatno\u015bci, osoba, kt\u00f3rej dane dotycz\u0105, powinna wys\u0142a\u0107 wiadomo\u015b\u0107 na adres autyzmgrudziadz@onet.pl (drog\u0105 elektroniczn\u0105 lub tradycyjn\u0105) wraz ze wskazaniem, z kt\u00f3rego prawa chce skorzysta\u0107, w jakim zakresie oraz w jaki spos\u00f3b. Administrator zwraca si\u0119 z pro\u015bb\u0105 o podanie w tre\u015bci niniejszej wiadomo\u015bci danych kontaktowych, umo\u017cliwiaj\u0105cych szybkie nawi\u0105zanie kontaktu na etapie realizacji prawa osoby wyst\u0119puj\u0105cej z wnioskiem, w szczeg\u00f3lno\u015bci, gdy zajdzie potrzeba upewnienia si\u0119 co do to\u017csamo\u015bci wnioskodawcy lub upewnienia si\u0119, z kt\u00f3rego prawa lub w jakim zakresie osoba chce skorzysta\u0107.<\/p>\n<h1>6. Mo\u017cliwo\u015b\u0107 wycofania zgody<\/h1>\n<p>W przypadkach, w kt\u00f3rych przetwarzanie danych U\u017cytkownika lub Darczy\u0144cy odbywa si\u0119 na podstawie udzielonej zgody, osobie, kt\u00f3rej dane dotycz\u0105 przys\u0142uguje prawo do cofni\u0119cia tej zgody w dowolnym momencie, bez wp\u0142ywu na zgodno\u015b\u0107 z prawem przetwarzania, kt\u00f3rego dokonano na podstawie zgody przed jej cofni\u0119ciem.<\/p>\n<p>W sytuacjach, w kt\u00f3rych dane U\u017cytkownika lub Darczy\u0144cy by\u0142y przetwarzane na podstawie zgody, wycofanie zgody uniemo\u017cliwia dalsze korzystania z us\u0142ug oferowanych przez Administratora.<\/p>\n<h1>7. Przetwarzanie danych poza terytorium EOG<\/h1>\n<p>Administrator o\u015bwiadcza, \u017ce nie b\u0119dzie przekazywa\u0142 danych osobowych U\u017cytkownik\u00f3w lub Darczy\u0144c\u00f3w poza terytorium EOG.<\/p>\n<h1>8. Prawo wniesienia skargi do organu nadzorczego<\/h1>\n<p>Je\u015bli przetwarzanie danych przez Administratora nast\u0105pi\u0142o z naruszeniem obowi\u0105zuj\u0105cych przepis\u00f3w prawa, osoba, kt\u00f3rej dane dotycz\u0105 ma mo\u017cliwo\u015b\u0107 wniesienia skargi do Prezesa Urz\u0119du Ochrony Danych Osobowych z siedzib\u0105 w Warszawie, ul. Stawki 2, z kt\u00f3rym mo\u017cna kontaktowa\u0107 si\u0119 w nast\u0119puj\u0105cy spos\u00f3b:<\/p>\n<ul>\n<li>listownie: ul. Stawki 2, 00-193 Warszawa;<\/li>\n<li>przez elektroniczn\u0105 skrzynk\u0119 podawcz\u0105 dost\u0119pn\u0105 na stronie: https:\/\/www.uodo.gov.pl\/pl\/p\/kontakt;<\/li>\n<li>telefonicznie: (22) 531 03 00.<\/li>\n<\/ul>\n<h1>9. Formularz Kontaktowy<\/h1>\n<p>Na Stronie Internetowej znajduje si\u0119 Formularz Kontaktowy, umo\u017cliwiaj\u0105cy ka\u017cdemu U\u017cytkownikowi wys\u0142anie wiadomo\u015bci do Administratora.<\/p>\n<p>W celu skorzystania z Formularza Kontaktowego, nale\u017cy:<\/p>\n<p>1)\u00a0\u00a0\u00a0\u00a0\u00a0\u00a0\u00a0\u00a0\u00a0\u00a0\u00a0 wype\u0142ni\u0107 pole \u201eWiadomo\u015b\u0107\u201d, wskazuj\u0105c tytu\u0142 i tre\u015b\u0107 wiadomo\u015bci skierowanej do Administratora;<\/p>\n<p>2)\u00a0\u00a0\u00a0\u00a0\u00a0\u00a0\u00a0\u00a0\u00a0\u00a0\u00a0 wype\u0142ni\u0107 pole \u201eAdres e-mail\u201d oraz \u2013 w zale\u017cno\u015bci od decyzji U\u017cytkownika \u2013 \u201eImi\u0119 i nazwisko\u201d, podaj\u0105c odpowiednio adres poczty elektronicznej, na kt\u00f3ry zostanie przes\u0142ana odpowied\u017a Administratora oraz dobrowolnie imi\u0119 lub nazwisko, w celu potwierdzenia swojej to\u017csamo\u015bci.<\/p>\n<p>Ka\u017cdorazowo, w przypadku korzystania z us\u0142ugi Formularza Kontaktowego, zbierany jest adres poczty elektronicznej. Podanie adresu poczty elektronicznej umo\u017cliwi Administratorowi udzielenie odpowiedzi na wiadomo\u015b\u0107 U\u017cytkownika.<\/p>\n<h1>10. Postanowienia ko\u0144cowe<\/h1>\n<p>Administrator zastrzega sobie prawo do zmian w Polityce Prywatno\u015bci, na kt\u00f3re mo\u017ce wp\u0142yn\u0105\u0107 rozw\u00f3j technologii internetowej, ewentualne zmiany prawa w zakresie ochrony danych osobowych. O wszelkich zmianach U\u017cytkownicy oraz Darczy\u0144cy zostan\u0105 poinformowani w spos\u00f3b widoczny i zrozumia\u0142y.<\/p>\n<p>W razie w\u0105tpliwo\u015bci co kt\u00f3regokolwiek z zapis\u00f3w Polityki Prywatno\u015bci, nale\u017cy skontaktowa\u0107 si\u0119 z Administratorem, na adres email: autyzmgrudziadz@onet.pl.<\/p>\n","protected":false},"excerpt":{"rendered":"<p>Niniejsza polityka prywatno\u015bci (dalej: \u201ePolityka Prywatno\u015bci\u201d) okre\u015bla zasady gromadzenia, przetwarzania i wykorzystywania danych osobowych pozyskanych od Pa\u0144stwa w zwi\u0105zku z korzystaniem ze Strony Internetowej, Formularza Kontaktowego i dokonywania Darowizn. Polityka &#8230;<\/p>\n","protected":false},"author":1,"featured_media":0,"parent":0,"menu_order":0,"comment_status":"closed","ping_status":"open","template":"","meta":{"ngg_post_thumbnail":0,"footnotes":""},"class_list":["post-3","page","type-page","status-publish","hentry"],"_links":{"self":[{"href":"https:\/\/sezamspoa.pl\/index.php?rest_route=\/wp\/v2\/pages\/3","targetHints":{"allow":["GET"]}}],"collection":[{"href":"https:\/\/sezamspoa.pl\/index.php?rest_route=\/wp\/v2\/pages"}],"about":[{"href":"https:\/\/sezamspoa.pl\/index.php?rest_route=\/wp\/v2\/types\/page"}],"author":[{"embeddable":true,"href":"https:\/\/sezamspoa.pl\/index.php?rest_route=\/wp\/v2\/users\/1"}],"replies":[{"embeddable":true,"href":"https:\/\/sezamspoa.pl\/index.php?rest_route=%2Fwp%2Fv2%2Fcomments&post=3"}],"version-history":[{"count":1,"href":"https:\/\/sezamspoa.pl\/index.php?rest_route=\/wp\/v2\/pages\/3\/revisions"}],"predecessor-version":[{"id":363,"href":"https:\/\/sezamspoa.pl\/index.php?rest_route=\/wp\/v2\/pages\/3\/revisions\/363"}],"wp:attachment":[{"href":"https:\/\/sezamspoa.pl\/index.php?rest_route=%2Fwp%2Fv2%2Fmedia&parent=3"}],"curies":[{"name":"wp","href":"https:\/\/api.w.org\/{rel}","templated":true}]}}