{"id":414,"date":"2022-02-20T17:18:39","date_gmt":"2022-02-20T16:18:39","guid":{"rendered":"https:\/\/sezamspoa.pl\/?page_id=414"},"modified":"2022-03-01T20:38:33","modified_gmt":"2022-03-01T19:38:33","slug":"dostepnosc-architektoniczna","status":"publish","type":"page","link":"https:\/\/sezamspoa.pl\/?page_id=414","title":{"rendered":"Dost\u0119pno\u015b\u0107"},"content":{"rendered":"<p><strong>Stowarzyszenie Pomocy Osobom Autystycznym \u201eSEZAM\u201d ul. Sikorskiego 32, 89-300 Grudzi\u0105dz. Do lokalu prowadzi chodnik bez prog\u00f3w. Wej\u015bcie znajduje si\u0119 od ulicy, przy prywatnym parkingu. Obok drzwi wej\u015bciowych znajduje si\u0119 tablica informuj\u0105ca o lokalizacji Stowarzyszenia. Do g\u0142\u00f3wnego wej\u015bcia do lokalu prowadzi jeden stopie\u0144. Na drzwiach wej\u015bciowych znajduje si\u0119 dzwonek. Po wej\u015bciu do lokalu znajduje si\u0119 jeden stopie\u0144.<\/strong><\/p>\n<p>Na parterze budynku na jednym poziomie, znajduj\u0105 si\u0119: szatnia, biuro (na wprost wej\u015bcia), 2 toalety, kuchnio-jadalnia oraz 2 sale terapeutyczne. Na drugim pi\u0119trze znajduj\u0105 si\u0119 sale terapeutyczne oraz toaleta.<\/p>\n<p>Budynek nie jest dostosowany dla os\u00f3b poruszaj\u0105cych si\u0119 na w\u00f3zku inwalidzkim.<\/p>\n<p>W budynku nie ma oznacze\u0144 w alfabecie Braille\u2019a ani oznacze\u0144 kontrastowych lub druku powi\u0119kszonego dla os\u00f3b niewidomych i s\u0142abowidz\u0105cych.<\/p>\n<p>Do budynku i wszystkich jego pomieszcze\u0144 mo\u017cna wej\u015b\u0107 z psem asystuj\u0105cym i psem przewodnikiem.<\/p>\n<p>Stowarzyszenie dysponuje mo\u017cliwo\u015bci\u0105 skorzystanie z\u00a0dost\u0119pu t\u0142umacza j\u0119zyka migowego, po wcze\u015bniejszym zg\u0142oszeniu takiej konieczno\u015bci.<\/p>\n<p>Do O\u015brodka mo\u017cliwy jest transport komunikacj\u0105 miejsk\u0105. W pobli\u017cu znajduj\u0105 si\u0119 przystanki autobusowe, kt\u00f3re umo\u017cliwiaj\u0105 komfortowy dojazd ze wszystkich dzielnic miasta. Po drugiej stronie ulicy znajduje si\u0119 parking z wyznaczonym miejscem dla osoby niepe\u0142nosprawnej. Nad wej\u015bciem g\u0142\u00f3wnym do budynku znajduje si\u0119 o\u015bwietlenie.<\/p>\n","protected":false},"excerpt":{"rendered":"<p>Stowarzyszenie Pomocy Osobom Autystycznym \u201eSEZAM\u201d ul. Sikorskiego 32, 89-300 Grudzi\u0105dz. Do lokalu prowadzi chodnik bez prog\u00f3w. Wej\u015bcie znajduje si\u0119 od ulicy, przy prywatnym parkingu. Obok drzwi wej\u015bciowych znajduje si\u0119 tablica &#8230;<\/p>\n","protected":false},"author":1,"featured_media":0,"parent":6,"menu_order":0,"comment_status":"closed","ping_status":"closed","template":"","meta":{"ngg_post_thumbnail":0,"footnotes":""},"class_list":["post-414","page","type-page","status-publish","hentry"],"_links":{"self":[{"href":"https:\/\/sezamspoa.pl\/index.php?rest_route=\/wp\/v2\/pages\/414","targetHints":{"allow":["GET"]}}],"collection":[{"href":"https:\/\/sezamspoa.pl\/index.php?rest_route=\/wp\/v2\/pages"}],"about":[{"href":"https:\/\/sezamspoa.pl\/index.php?rest_route=\/wp\/v2\/types\/page"}],"author":[{"embeddable":true,"href":"https:\/\/sezamspoa.pl\/index.php?rest_route=\/wp\/v2\/users\/1"}],"replies":[{"embeddable":true,"href":"https:\/\/sezamspoa.pl\/index.php?rest_route=%2Fwp%2Fv2%2Fcomments&post=414"}],"version-history":[{"count":3,"href":"https:\/\/sezamspoa.pl\/index.php?rest_route=\/wp\/v2\/pages\/414\/revisions"}],"predecessor-version":[{"id":444,"href":"https:\/\/sezamspoa.pl\/index.php?rest_route=\/wp\/v2\/pages\/414\/revisions\/444"}],"up":[{"embeddable":true,"href":"https:\/\/sezamspoa.pl\/index.php?rest_route=\/wp\/v2\/pages\/6"}],"wp:attachment":[{"href":"https:\/\/sezamspoa.pl\/index.php?rest_route=%2Fwp%2Fv2%2Fmedia&parent=414"}],"curies":[{"name":"wp","href":"https:\/\/api.w.org\/{rel}","templated":true}]}}