{"id":7,"date":"2021-09-01T14:08:46","date_gmt":"2021-09-01T12:08:46","guid":{"rendered":"http:\/\/sezamspoa.pl\/?page_id=7"},"modified":"2022-02-20T17:13:35","modified_gmt":"2022-02-20T16:13:35","slug":"informacje","status":"publish","type":"page","link":"https:\/\/sezamspoa.pl\/?page_id=7","title":{"rendered":"O Stowarzyszeniu"},"content":{"rendered":"\r\n<p><img loading=\"lazy\" decoding=\"async\" class=\"aligncenter wp-image-286 size-large\" src=\"https:\/\/sezamspoa.pl\/wp-content\/uploads\/2021\/11\/onas-1024x521.jpg\" alt=\"\" width=\"1024\" height=\"521\" srcset=\"https:\/\/sezamspoa.pl\/wp-content\/uploads\/2021\/11\/onas-1024x521.jpg 1024w, https:\/\/sezamspoa.pl\/wp-content\/uploads\/2021\/11\/onas-300x153.jpg 300w, https:\/\/sezamspoa.pl\/wp-content\/uploads\/2021\/11\/onas-768x390.jpg 768w, https:\/\/sezamspoa.pl\/wp-content\/uploads\/2021\/11\/onas.jpg 1200w\" sizes=\"auto, (max-width: 1024px) 100vw, 1024px\" \/><\/p>\r\n<p>W czerwcu 2003 roku nasza organizacja zosta\u0142a zarejestrowana w KRS Toru\u0144 jako: Stowarzyszenie Pomocy Osobom Autystycznym i Poszkodowanym w Wypadkach. Nazwa ta zosta\u0142a skr\u00f3cona i zmieniona w pa\u017adzierniku 2013 na: Stowarzyszenie Pomocy Osobom Autystycznym SEZAM. Od 2007 roku jeste\u015bmy organizacj\u0105 po\u017cytku publicznego.<\/p>\r\n<p>W kwietniu 2008 po roku stara\u0144 i ci\u0119\u017ckiej pracy zosta\u0142 otwarty pierwszy i jedyny w Grudzi\u0105dzu O\u015brodek terapii dla dzieci z autyzmem. Do ko\u0144ca roku 2008 terapia obj\u0119li\u015bmy 12 dzieci. Projekt ten zosta\u0142 zrealizowany dzi\u0119ki zaanga\u017cowaniu rodzic\u00f3w autystycznych dzieci oraz finansowemu wsparciu z Pa\u0144stwowego Funduszu Rehabilitacji Os\u00f3b Niepe\u0142nosprawnych i Urz\u0119du Miasta Grudzi\u0105dz.<\/p>\r\n<p>Dzi\u015b mamy prawie czternastoletnie do\u015bwiadczenie w prowadzeniu plac\u00f3wki terapeutycznej dla dzieci i m\u0142odzie\u017cy z autyzmem. W ca\u0142ym tym okresie pomogli\u015bmy ju\u017c ponad 200 autystykom. Obecnie systematyczn\u0105 terapi\u0105 w naszym O\u015brodku obejmujemy 40 podopiecznych w r\u00f3\u017cnym wieku. <strong>Nasz dzia\u0142alno\u015b\u0107 jest mo\u017cliwa dzi\u0119ki<\/strong> PFRON, UM Grudzi\u0105dz, UM \u0141asin, darowiznom, odpisowi z 1% podatk\u00f3w i sk\u0142adkom cz\u0142onkowskim.<\/p>\r\n","protected":false},"excerpt":{"rendered":"<p>W czerwcu 2003 roku nasza organizacja zosta\u0142a zarejestrowana w KRS Toru\u0144 jako: Stowarzyszenie Pomocy Osobom Autystycznym i Poszkodowanym w Wypadkach. Nazwa ta zosta\u0142a skr\u00f3cona i zmieniona w pa\u017adzierniku 2013 na: &#8230;<\/p>\n","protected":false},"author":1,"featured_media":0,"parent":6,"menu_order":0,"comment_status":"closed","ping_status":"closed","template":"","meta":{"ngg_post_thumbnail":0,"footnotes":""},"class_list":["post-7","page","type-page","status-publish","hentry"],"_links":{"self":[{"href":"https:\/\/sezamspoa.pl\/index.php?rest_route=\/wp\/v2\/pages\/7","targetHints":{"allow":["GET"]}}],"collection":[{"href":"https:\/\/sezamspoa.pl\/index.php?rest_route=\/wp\/v2\/pages"}],"about":[{"href":"https:\/\/sezamspoa.pl\/index.php?rest_route=\/wp\/v2\/types\/page"}],"author":[{"embeddable":true,"href":"https:\/\/sezamspoa.pl\/index.php?rest_route=\/wp\/v2\/users\/1"}],"replies":[{"embeddable":true,"href":"https:\/\/sezamspoa.pl\/index.php?rest_route=%2Fwp%2Fv2%2Fcomments&post=7"}],"version-history":[{"count":6,"href":"https:\/\/sezamspoa.pl\/index.php?rest_route=\/wp\/v2\/pages\/7\/revisions"}],"predecessor-version":[{"id":411,"href":"https:\/\/sezamspoa.pl\/index.php?rest_route=\/wp\/v2\/pages\/7\/revisions\/411"}],"up":[{"embeddable":true,"href":"https:\/\/sezamspoa.pl\/index.php?rest_route=\/wp\/v2\/pages\/6"}],"wp:attachment":[{"href":"https:\/\/sezamspoa.pl\/index.php?rest_route=%2Fwp%2Fv2%2Fmedia&parent=7"}],"curies":[{"name":"wp","href":"https:\/\/api.w.org\/{rel}","templated":true}]}}