{"id":8,"date":"2021-09-01T14:08:46","date_gmt":"2021-09-01T12:08:46","guid":{"rendered":"http:\/\/sezamspoa.pl\/?page_id=8"},"modified":"2022-02-20T17:53:07","modified_gmt":"2022-02-20T16:53:07","slug":"kontakt","status":"publish","type":"page","link":"https:\/\/sezamspoa.pl\/?page_id=8","title":{"rendered":"Kontakt"},"content":{"rendered":"<h3 style=\"text-align: center;\">Stowarzyszenie Pomocy Osobom Autystycznym &#8222;Sezam&#8221;<br \/>\nul. Sikorskiego 32<br \/>\n86-300 Grudzi\u0105dz<\/h3>\n<h4 style=\"text-align: center;\">+48 668 408 901<\/h4>\n<h4 style=\"text-align: center;\">autyzmgrudziadz@onet.pl<\/h4>\n<h4 style=\"text-align: center;\">NR rachunku bankowego: 70 1240 3998 1111 0000 4152 8460<\/h4>\n<h4 style=\"text-align: center;\">KRS: 0000164834<\/h4>\n<h4 style=\"text-align: center;\">NIP: 876 22 28 728<\/h4>\n<h3>Formularz kontaktowy<\/h3>\n<div class=\"wpforms-container wpforms-container-full\" id=\"wpforms-426\"><form id=\"wpforms-form-426\" class=\"wpforms-validate wpforms-form wpforms-ajax-form\" data-formid=\"426\" method=\"post\" enctype=\"multipart\/form-data\" action=\"\/index.php?rest_route=%2Fwp%2Fv2%2Fpages%2F8\" data-token=\"94fdc43d38293a9b5aa14140dfc01ee5\"><noscript class=\"wpforms-error-noscript\">Aby wype\u0142ni\u0107 ten formularz, w\u0142\u0105cz obs\u0142ug\u0119 JavaScript w przegl\u0105darce.<\/noscript><div class=\"wpforms-field-container\"><div id=\"wpforms-426-field_0-container\" class=\"wpforms-field wpforms-field-name\" data-field-id=\"0\"><label class=\"wpforms-field-label\" for=\"wpforms-426-field_0\">Imi\u0119 <span class=\"wpforms-required-label\">*<\/span><\/label><input type=\"text\" id=\"wpforms-426-field_0\" class=\"wpforms-field-medium wpforms-field-required\" name=\"wpforms[fields][0]\" required><\/div><div id=\"wpforms-426-field_1-container\" class=\"wpforms-field wpforms-field-email\" data-field-id=\"1\"><label class=\"wpforms-field-label\" for=\"wpforms-426-field_1\">Tw\u00f3j adres e-mail <span class=\"wpforms-required-label\">*<\/span><\/label><input type=\"email\" id=\"wpforms-426-field_1\" class=\"wpforms-field-medium wpforms-field-required\" name=\"wpforms[fields][1]\" spellcheck=\"false\" required><\/div><div id=\"wpforms-426-field_5-container\" class=\"wpforms-field wpforms-field-text\" data-field-id=\"5\"><label class=\"wpforms-field-label\" for=\"wpforms-426-field_5\">Temat wiadomo\u015bci <span class=\"wpforms-required-label\">*<\/span><\/label><input type=\"text\" id=\"wpforms-426-field_5\" class=\"wpforms-field-medium wpforms-field-required\" name=\"wpforms[fields][5]\" required><\/div><div id=\"wpforms-426-field_2-container\" class=\"wpforms-field wpforms-field-textarea\" data-field-id=\"2\"><label class=\"wpforms-field-label\" for=\"wpforms-426-field_2\">Tre\u015b\u0107 wiadomo\u015b\u0107 <span class=\"wpforms-required-label\">*<\/span><\/label><textarea id=\"wpforms-426-field_2\" class=\"wpforms-field-medium wpforms-field-required\" name=\"wpforms[fields][2]\" required><\/textarea><\/div><\/div><!-- .wpforms-field-container --><div class=\"wpforms-recaptcha-container wpforms-is-hcaptcha\" ><div class=\"g-recaptcha\" data-sitekey=\"ce6152fe-792e-44a7-bd76-c0eb90551f8e\"><\/div><input type=\"text\" name=\"g-recaptcha-hidden\" class=\"wpforms-recaptcha-hidden\" style=\"position:absolute!important;clip:rect(0,0,0,0)!important;height:1px!important;width:1px!important;border:0!important;overflow:hidden!important;padding:0!important;margin:0!important;\" data-rule-hcaptcha=\"1\"><\/div><div class=\"wpforms-submit-container\" ><input type=\"hidden\" name=\"wpforms[id]\" value=\"426\"><input type=\"hidden\" name=\"wpforms[author]\" value=\"1\"><button type=\"submit\" name=\"wpforms[submit]\" id=\"wpforms-submit-426\" class=\"wpforms-submit\" data-alt-text=\"Wysy\u0142\u0105nie...\" data-submit-text=\"Wy\u015blij\" aria-live=\"assertive\" value=\"wpforms-submit\">Wy\u015blij<\/button><img loading=\"lazy\" decoding=\"async\" src=\"https:\/\/sezamspoa.pl\/wp-content\/plugins\/wpforms-lite\/assets\/images\/submit-spin.svg\" class=\"wpforms-submit-spinner\" style=\"display: none;\" width=\"26\" height=\"26\" alt=\"Wczytywanie\"><\/div><\/form><\/div>  <!-- .wpforms-container -->\n","protected":false},"excerpt":{"rendered":"<p>Stowarzyszenie Pomocy Osobom Autystycznym &#8222;Sezam&#8221; ul. Sikorskiego 32 86-300 Grudzi\u0105dz +48 668 408 901 autyzmgrudziadz@onet.pl NR rachunku bankowego: 70 1240 3998 1111 0000 4152 8460 KRS: 0000164834 NIP: 876 22 &#8230;<\/p>\n","protected":false},"author":1,"featured_media":0,"parent":0,"menu_order":0,"comment_status":"closed","ping_status":"closed","template":"","meta":{"ngg_post_thumbnail":0,"footnotes":""},"class_list":["post-8","page","type-page","status-publish","hentry"],"_links":{"self":[{"href":"https:\/\/sezamspoa.pl\/index.php?rest_route=\/wp\/v2\/pages\/8","targetHints":{"allow":["GET"]}}],"collection":[{"href":"https:\/\/sezamspoa.pl\/index.php?rest_route=\/wp\/v2\/pages"}],"about":[{"href":"https:\/\/sezamspoa.pl\/index.php?rest_route=\/wp\/v2\/types\/page"}],"author":[{"embeddable":true,"href":"https:\/\/sezamspoa.pl\/index.php?rest_route=\/wp\/v2\/users\/1"}],"replies":[{"embeddable":true,"href":"https:\/\/sezamspoa.pl\/index.php?rest_route=%2Fwp%2Fv2%2Fcomments&post=8"}],"version-history":[{"count":14,"href":"https:\/\/sezamspoa.pl\/index.php?rest_route=\/wp\/v2\/pages\/8\/revisions"}],"predecessor-version":[{"id":428,"href":"https:\/\/sezamspoa.pl\/index.php?rest_route=\/wp\/v2\/pages\/8\/revisions\/428"}],"wp:attachment":[{"href":"https:\/\/sezamspoa.pl\/index.php?rest_route=%2Fwp%2Fv2%2Fmedia&parent=8"}],"curies":[{"name":"wp","href":"https:\/\/api.w.org\/{rel}","templated":true}]}}